{"id":92,"date":"2024-03-31T08:41:36","date_gmt":"2024-03-31T08:41:36","guid":{"rendered":"https:\/\/www.ekmaleri.se\/?page_id=92"},"modified":"2024-05-16T06:42:32","modified_gmt":"2024-05-16T06:42:32","slug":"slamfarg","status":"publish","type":"page","link":"https:\/\/www.ekmaleri.se\/?page_id=92","title":{"rendered":"Slamf\u00e4rg"},"content":{"rendered":"\n<p>Slamf\u00e4rg \u00e4r ett stort stycke industrihistoria och kulturarv. F\u00e4rgen har dessutom tr\u00e4skyddande egenskaper p\u00e5 ett milj\u00f6v\u00e4nligt s\u00e4tt. Den r\u00f6da slamf\u00e4rgen \u00e4r mycket smart. Vid \u00f6nskem\u00e5l kan f\u00e4rgen kokas p\u00e5 plats och strykas p\u00e5 varm, s\u00e5 den l\u00e4ttare tr\u00e4nger in i tr\u00e4et.<\/p>\n","protected":false},"excerpt":{"rendered":"<p>Slamf\u00e4rg \u00e4r ett stort stycke industrihistoria och kulturarv. F\u00e4rgen har dessutom tr\u00e4skyddande egenskaper p\u00e5 ett milj\u00f6v\u00e4nligt s\u00e4tt. Den r\u00f6da slamf\u00e4rgen \u00e4r mycket smart. Vid \u00f6nskem\u00e5l kan f\u00e4rgen kokas p\u00e5 plats och strykas p\u00e5 varm, s\u00e5 den l\u00e4ttare tr\u00e4nger in i tr\u00e4et.<\/p>\n","protected":false},"author":1,"featured_media":112,"parent":56,"menu_order":0,"comment_status":"closed","ping_status":"closed","template":"wp-custom-template-column-images","meta":{"footnotes":""},"class_list":["post-92","page","type-page","status-publish","has-post-thumbnail","hentry"],"_links":{"self":[{"href":"https:\/\/www.ekmaleri.se\/index.php?rest_route=\/wp\/v2\/pages\/92","targetHints":{"allow":["GET"]}}],"collection":[{"href":"https:\/\/www.ekmaleri.se\/index.php?rest_route=\/wp\/v2\/pages"}],"about":[{"href":"https:\/\/www.ekmaleri.se\/index.php?rest_route=\/wp\/v2\/types\/page"}],"author":[{"embeddable":true,"href":"https:\/\/www.ekmaleri.se\/index.php?rest_route=\/wp\/v2\/users\/1"}],"replies":[{"embeddable":true,"href":"https:\/\/www.ekmaleri.se\/index.php?rest_route=%2Fwp%2Fv2%2Fcomments&post=92"}],"version-history":[{"count":2,"href":"https:\/\/www.ekmaleri.se\/index.php?rest_route=\/wp\/v2\/pages\/92\/revisions"}],"predecessor-version":[{"id":180,"href":"https:\/\/www.ekmaleri.se\/index.php?rest_route=\/wp\/v2\/pages\/92\/revisions\/180"}],"up":[{"embeddable":true,"href":"https:\/\/www.ekmaleri.se\/index.php?rest_route=\/wp\/v2\/pages\/56"}],"wp:featuredmedia":[{"embeddable":true,"href":"https:\/\/www.ekmaleri.se\/index.php?rest_route=\/wp\/v2\/media\/112"}],"wp:attachment":[{"href":"https:\/\/www.ekmaleri.se\/index.php?rest_route=%2Fwp%2Fv2%2Fmedia&parent=92"}],"curies":[{"name":"wp","href":"https:\/\/api.w.org\/{rel}","templated":true}]}}