{"id":68,"date":"2024-03-29T14:33:21","date_gmt":"2024-03-29T14:33:21","guid":{"rendered":"https:\/\/www.ekmaleri.se\/?page_id=68"},"modified":"2024-05-18T06:55:45","modified_gmt":"2024-05-18T06:55:45","slug":"limfarg","status":"publish","type":"page","link":"https:\/\/www.ekmaleri.se\/?page_id=68","title":{"rendered":"Limf\u00e4rg"},"content":{"rendered":"\n<p>Limf\u00e4rg har anv\u00e4nts i \u00e5rhundraden f\u00f6r inomhusm\u00e5lning. Det har en rik historia som dekorativ tak- och v\u00e4ggf\u00e4rg i b\u00e5de slott och koja.<\/p>\n\n\n\n<p>Den tillverkas genom att blanda pigment med vatten och d\u00e4refter arbeta fram limstyrka med animaliskt- eller cellulosalim. Det \u00e4r en f\u00e4rskvara och tillverkas i direkt anslutning till m\u00e5leriet.<\/p>\n\n\n\n<p>Limf\u00e4rg ger en matt och silkeslen yta, och rummet upplevs behagligt. Fr\u00e5nvaron av bindemedel g\u00f6r att pigmenten ligger direkt p\u00e5 ytan, det vill s\u00e4ga ingen olja omger pigmentkornen. Detta g\u00f6r kul\u00f6rerna mycket kraftfulla. F\u00f6rutom kul\u00f6rrikedomen har den flera unika egenskaper; den belastar milj\u00f6n minimalt, \u00e4r billig att tillverka, tv\u00e4ttas enkelt av med s\u00e5pa och vatten och tv\u00e4ttvattnet kan d\u00e4refter sl\u00e4ngas p\u00e5 rabatten.<\/p>\n\n\n\n<p>Limf\u00e4rgen ger autentisk estetik vid ett respektfullt bevarande av kulturarv.<\/p>\n\n\n\n<p>Limf\u00e4rg med enbart krita som pigment ger en makal\u00f6s vithet. En mjuk, skir vithet. Den \u00e4r mycket tacksam som takf\u00e4rg och kan m\u00e5las p\u00e5 de flesta underlag. \u00c4ven de mest tr\u00e5kiga gipsskivor f\u00e5r ett lyft!<\/p>\n\n\n\n<p><\/p>\n\n\n\n<div class=\"wp-block-group is-layout-flow wp-block-group-is-layout-flow\" style=\"padding-top:var(--wp--preset--spacing--10);padding-bottom:var(--wp--preset--spacing--10)\">\n<p class=\"has-text-align-center has-custom-color-2-color has-text-color has-link-color has-small-font-size wp-elements-3cc23046833ef32f94752937b11ee0aa\"><em>Klicka p\u00e5 bilderna f\u00f6r f\u00f6rstoring<\/em><\/p>\n\n\n\n<figure class=\"wp-block-gallery has-nested-images columns-2 wp-block-gallery-2 is-layout-flex wp-block-gallery-is-layout-flex\">\n<figure class=\"wp-block-image size-large has-custom-border is-style-default wp-duotone-unset-1\"><a href=\"https:\/\/www.ekmaleri.se\/wp-content\/uploads\/2024\/03\/limfarg2.b19d266a.webp\"><img loading=\"lazy\" decoding=\"async\" width=\"1024\" height=\"683\" data-id=\"107\" src=\"https:\/\/www.ekmaleri.se\/wp-content\/uploads\/2024\/03\/limfarg2.b19d266a-1024x683.webp\" alt=\"\" class=\"has-border-color has-custom-color-2-border-color wp-image-107\" style=\"border-width:5px\" srcset=\"https:\/\/www.ekmaleri.se\/wp-content\/uploads\/2024\/03\/limfarg2.b19d266a-1024x683.webp 1024w, https:\/\/www.ekmaleri.se\/wp-content\/uploads\/2024\/03\/limfarg2.b19d266a-300x200.webp 300w, https:\/\/www.ekmaleri.se\/wp-content\/uploads\/2024\/03\/limfarg2.b19d266a-768x512.webp 768w, https:\/\/www.ekmaleri.se\/wp-content\/uploads\/2024\/03\/limfarg2.b19d266a-1536x1024.webp 1536w, https:\/\/www.ekmaleri.se\/wp-content\/uploads\/2024\/03\/limfarg2.b19d266a-2048x1366.webp 2048w\" sizes=\"auto, (max-width: 1024px) 100vw, 1024px\" \/><\/a><\/figure>\n\n\n\n<figure class=\"wp-block-image size-large\"><a href=\"https:\/\/www.ekmaleri.se\/wp-content\/uploads\/2024\/03\/schablon1.3df26300.webp\"><img loading=\"lazy\" decoding=\"async\" width=\"1024\" height=\"1024\" data-id=\"105\" src=\"https:\/\/www.ekmaleri.se\/wp-content\/uploads\/2024\/03\/schablon1.3df26300-1024x1024.webp\" alt=\"\" class=\"wp-image-105\" srcset=\"https:\/\/www.ekmaleri.se\/wp-content\/uploads\/2024\/03\/schablon1.3df26300-1024x1024.webp 1024w, https:\/\/www.ekmaleri.se\/wp-content\/uploads\/2024\/03\/schablon1.3df26300-300x300.webp 300w, https:\/\/www.ekmaleri.se\/wp-content\/uploads\/2024\/03\/schablon1.3df26300-150x150.webp 150w, https:\/\/www.ekmaleri.se\/wp-content\/uploads\/2024\/03\/schablon1.3df26300-768x768.webp 768w, https:\/\/www.ekmaleri.se\/wp-content\/uploads\/2024\/03\/schablon1.3df26300-1536x1536.webp 1536w, https:\/\/www.ekmaleri.se\/wp-content\/uploads\/2024\/03\/schablon1.3df26300-2048x2048.webp 2048w\" sizes=\"auto, (max-width: 1024px) 100vw, 1024px\" \/><\/a><\/figure>\n\n\n\n<figure class=\"wp-block-image size-large\"><a href=\"https:\/\/www.ekmaleri.se\/wp-content\/uploads\/2024\/03\/schablon2.dfec291e.webp\"><img loading=\"lazy\" decoding=\"async\" width=\"1024\" height=\"1024\" data-id=\"104\" src=\"https:\/\/www.ekmaleri.se\/wp-content\/uploads\/2024\/03\/schablon2.dfec291e-1024x1024.webp\" alt=\"\" class=\"wp-image-104\" srcset=\"https:\/\/www.ekmaleri.se\/wp-content\/uploads\/2024\/03\/schablon2.dfec291e-1024x1024.webp 1024w, https:\/\/www.ekmaleri.se\/wp-content\/uploads\/2024\/03\/schablon2.dfec291e-300x300.webp 300w, https:\/\/www.ekmaleri.se\/wp-content\/uploads\/2024\/03\/schablon2.dfec291e-150x150.webp 150w, https:\/\/www.ekmaleri.se\/wp-content\/uploads\/2024\/03\/schablon2.dfec291e-768x768.webp 768w, https:\/\/www.ekmaleri.se\/wp-content\/uploads\/2024\/03\/schablon2.dfec291e-1536x1536.webp 1536w, https:\/\/www.ekmaleri.se\/wp-content\/uploads\/2024\/03\/schablon2.dfec291e-2048x2048.webp 2048w\" sizes=\"auto, (max-width: 1024px) 100vw, 1024px\" \/><\/a><\/figure>\n\n\n\n<figure class=\"wp-block-image size-large\"><a href=\"https:\/\/www.ekmaleri.se\/wp-content\/uploads\/2024\/05\/lin.jpg\"><img loading=\"lazy\" decoding=\"async\" width=\"576\" height=\"1024\" data-id=\"253\" src=\"https:\/\/www.ekmaleri.se\/wp-content\/uploads\/2024\/05\/lin-576x1024.jpg\" alt=\"\" class=\"wp-image-253\" srcset=\"https:\/\/www.ekmaleri.se\/wp-content\/uploads\/2024\/05\/lin-576x1024.jpg 576w, https:\/\/www.ekmaleri.se\/wp-content\/uploads\/2024\/05\/lin-169x300.jpg 169w, https:\/\/www.ekmaleri.se\/wp-content\/uploads\/2024\/05\/lin-768x1366.jpg 768w, https:\/\/www.ekmaleri.se\/wp-content\/uploads\/2024\/05\/lin-864x1536.jpg 864w, https:\/\/www.ekmaleri.se\/wp-content\/uploads\/2024\/05\/lin-1152x2048.jpg 1152w, https:\/\/www.ekmaleri.se\/wp-content\/uploads\/2024\/05\/lin.jpg 1406w\" sizes=\"auto, (max-width: 576px) 100vw, 576px\" \/><\/a><\/figure>\n\n\n\n<figure class=\"wp-block-image size-large\"><a href=\"https:\/\/www.ekmaleri.se\/wp-content\/uploads\/2024\/05\/IMG_20231107_1122409102.jpg\"><img loading=\"lazy\" decoding=\"async\" width=\"576\" height=\"1024\" data-id=\"267\" src=\"https:\/\/www.ekmaleri.se\/wp-content\/uploads\/2024\/05\/IMG_20231107_1122409102-576x1024.jpg\" alt=\"\" class=\"wp-image-267\" srcset=\"https:\/\/www.ekmaleri.se\/wp-content\/uploads\/2024\/05\/IMG_20231107_1122409102-576x1024.jpg 576w, https:\/\/www.ekmaleri.se\/wp-content\/uploads\/2024\/05\/IMG_20231107_1122409102-169x300.jpg 169w, https:\/\/www.ekmaleri.se\/wp-content\/uploads\/2024\/05\/IMG_20231107_1122409102-768x1366.jpg 768w, https:\/\/www.ekmaleri.se\/wp-content\/uploads\/2024\/05\/IMG_20231107_1122409102-864x1536.jpg 864w, https:\/\/www.ekmaleri.se\/wp-content\/uploads\/2024\/05\/IMG_20231107_1122409102-1152x2048.jpg 1152w, https:\/\/www.ekmaleri.se\/wp-content\/uploads\/2024\/05\/IMG_20231107_1122409102.jpg 1406w\" sizes=\"auto, (max-width: 576px) 100vw, 576px\" \/><\/a><\/figure>\n<\/figure>\n<\/div>\n","protected":false},"excerpt":{"rendered":"<p>Limf\u00e4rg har anv\u00e4nts i \u00e5rhundraden f\u00f6r inomhusm\u00e5lning. Det har en rik historia som dekorativ tak- och v\u00e4ggf\u00e4rg i b\u00e5de slott och koja. Den tillverkas genom att blanda pigment med vatten och d\u00e4refter arbeta fram limstyrka med animaliskt- eller cellulosalim. Det \u00e4r en f\u00e4rskvara och tillverkas i direkt anslutning till m\u00e5leriet. Limf\u00e4rg ger en matt och [&hellip;]<\/p>\n","protected":false},"author":1,"featured_media":108,"parent":56,"menu_order":0,"comment_status":"closed","ping_status":"closed","template":"wp-custom-template-column-images","meta":{"footnotes":""},"class_list":["post-68","page","type-page","status-publish","has-post-thumbnail","hentry"],"_links":{"self":[{"href":"https:\/\/www.ekmaleri.se\/index.php?rest_route=\/wp\/v2\/pages\/68","targetHints":{"allow":["GET"]}}],"collection":[{"href":"https:\/\/www.ekmaleri.se\/index.php?rest_route=\/wp\/v2\/pages"}],"about":[{"href":"https:\/\/www.ekmaleri.se\/index.php?rest_route=\/wp\/v2\/types\/page"}],"author":[{"embeddable":true,"href":"https:\/\/www.ekmaleri.se\/index.php?rest_route=\/wp\/v2\/users\/1"}],"replies":[{"embeddable":true,"href":"https:\/\/www.ekmaleri.se\/index.php?rest_route=%2Fwp%2Fv2%2Fcomments&post=68"}],"version-history":[{"count":16,"href":"https:\/\/www.ekmaleri.se\/index.php?rest_route=\/wp\/v2\/pages\/68\/revisions"}],"predecessor-version":[{"id":288,"href":"https:\/\/www.ekmaleri.se\/index.php?rest_route=\/wp\/v2\/pages\/68\/revisions\/288"}],"up":[{"embeddable":true,"href":"https:\/\/www.ekmaleri.se\/index.php?rest_route=\/wp\/v2\/pages\/56"}],"wp:featuredmedia":[{"embeddable":true,"href":"https:\/\/www.ekmaleri.se\/index.php?rest_route=\/wp\/v2\/media\/108"}],"wp:attachment":[{"href":"https:\/\/www.ekmaleri.se\/index.php?rest_route=%2Fwp%2Fv2%2Fmedia&parent=68"}],"curies":[{"name":"wp","href":"https:\/\/api.w.org\/{rel}","templated":true}]}}