{"id":58,"date":"2024-03-29T14:20:37","date_gmt":"2024-03-29T14:20:37","guid":{"rendered":"https:\/\/www.ekmaleri.se\/?page_id=58"},"modified":"2024-05-18T06:55:56","modified_gmt":"2024-05-18T06:55:56","slug":"linoljefarg","status":"publish","type":"page","link":"https:\/\/www.ekmaleri.se\/?page_id=58","title":{"rendered":"Linoljef\u00e4rg"},"content":{"rendered":"\n<p>Linoljef\u00e4rg har anv\u00e4nts mycket flitigt genom historien f\u00f6r att m\u00e5la allt fr\u00e5n konstverk till husfasader. I samband med de tv\u00e5 v\u00e4rldskrigen minskade produktionen av linolja kraftigt. Som en f\u00f6ljd av brist p\u00e5 linolja kom de modernare f\u00e4rgerna, som \u00e4r petroleumbaserat.<\/p>\n\n\n\n<p>Linoljef\u00e4rgen anv\u00e4nds b\u00e5de inne och ute, fr\u00e4mst p\u00e5 hyvlade tr\u00e4ytor, men ocks\u00e5 p\u00e5 sten och pl\u00e5t. Linoljef\u00e4rg tillverkas genom att blanda kallpressad kokt linolja med pigment.<\/p>\n\n\n\n<p>N\u00e4r det g\u00e4ller utomhusbruk \u00e4r linoljef\u00e4rg genial. Linoljans sm\u00e5 molekyler tr\u00e4nger in i tr\u00e4et och tr\u00e4et skyddas. Linoljef\u00e4rgen &#8220;andas&#8221;. Fukten kan passera ut ist\u00e4llet f\u00f6r att f\u00e5nga den inuti tr\u00e4et, vilket bidrar till att f\u00f6rhindra fuktskador. Den \u00e4r ocks\u00e5 rostskyddande. F\u00e4rgen bildar en stark och slitstark yta. Linoljef\u00e4rg \u00e4r ett utm\u00e4rkt material till hyvlat tr\u00e4, f\u00f6r att m\u00e5la husets alla exteri\u00f6rer; fasad, f\u00f6nster, d\u00f6rrar och takpl\u00e5t, eftersom den st\u00e5r emot fukt s\u00e5 v\u00e4l. Med r\u00e4tt underh\u00e5ll kan m\u00e5lningsintervallet f\u00f6rl\u00e4ngas avsev\u00e4rt. Ut\u00f6ver tr\u00e4- och metallskyddande egenskaperna ger linoljef\u00e4rg ocks\u00e5 en vacker estetik till huset; en djup och rik f\u00e4rgton som kan vara sv\u00e5r att uppn\u00e5 med andra typer av f\u00e4rg. P\u00e5 grund av dess h\u00e5llbarhet, motst\u00e5ndskraft mot v\u00e4derf\u00f6rh\u00e5llanden och estetiska egenskaper \u00e4r den enast\u00e5ende.<\/p>\n\n\n\n<p>Inomhus \u00e4r det den klassiska f\u00e4rgen p\u00e5 snickerier. Aldrig vitt historiskt, utan bruten med olika pigment f\u00f6r att f\u00e5 olika uttryck. D\u00e5 f\u00e4rgen m\u00e5las tunt, framtr\u00e4der tr\u00e4arbeten vackert. Lasyrer anv\u00e4nds ocks\u00e5 inomhus, och olika effekter kan arbetas fram, tex tr\u00e4\u00e5dring.<\/p>\n\n\n\n<p>Ett vackert tr\u00e4arbete f\u00f6rtj\u00e4nar linoljef\u00e4rg!<\/p>\n\n\n\n<p>Jag kan vid behov tillverka linoljef\u00e4rg med linolja kokt enligt 1800-tals recept med \u00f6nskade kul\u00f6rer.<\/p>\n\n\n\n<figure class=\"wp-block-gallery has-nested-images columns-2 wp-block-gallery-1 is-layout-flex wp-block-gallery-is-layout-flex\">\n<figure data-wp-context=\"{&quot;imageId&quot;:&quot;69e4878585c3c&quot;}\" data-wp-interactive=\"core\/image\" data-wp-key=\"69e4878585c3c\" class=\"wp-block-image size-large wp-lightbox-container\"><img loading=\"lazy\" decoding=\"async\" width=\"683\" height=\"1024\" data-wp-class--hide=\"state.isContentHidden\" data-wp-class--show=\"state.isContentVisible\" data-wp-init=\"callbacks.setButtonStyles\" data-wp-on--click=\"actions.showLightbox\" data-wp-on--load=\"callbacks.setButtonStyles\" data-wp-on-window--resize=\"callbacks.setButtonStyles\" data-id=\"106\" src=\"https:\/\/www.ekmaleri.se\/wp-content\/uploads\/2024\/03\/linoljefarg2.d90d96f7-683x1024.webp\" alt=\"\" class=\"wp-image-106\" style=\"aspect-ratio:1;object-fit:cover\" srcset=\"https:\/\/www.ekmaleri.se\/wp-content\/uploads\/2024\/03\/linoljefarg2.d90d96f7-683x1024.webp 683w, https:\/\/www.ekmaleri.se\/wp-content\/uploads\/2024\/03\/linoljefarg2.d90d96f7-200x300.webp 200w, https:\/\/www.ekmaleri.se\/wp-content\/uploads\/2024\/03\/linoljefarg2.d90d96f7-768x1152.webp 768w, https:\/\/www.ekmaleri.se\/wp-content\/uploads\/2024\/03\/linoljefarg2.d90d96f7-1024x1536.webp 1024w, https:\/\/www.ekmaleri.se\/wp-content\/uploads\/2024\/03\/linoljefarg2.d90d96f7-1366x2048.webp 1366w, https:\/\/www.ekmaleri.se\/wp-content\/uploads\/2024\/03\/linoljefarg2.d90d96f7.webp 1707w\" sizes=\"auto, (max-width: 683px) 100vw, 683px\" \/><button\n\t\t\tclass=\"lightbox-trigger\"\n\t\t\ttype=\"button\"\n\t\t\taria-haspopup=\"dialog\"\n\t\t\taria-label=\"Enlarge\"\n\t\t\tdata-wp-init=\"callbacks.initTriggerButton\"\n\t\t\tdata-wp-on--click=\"actions.showLightbox\"\n\t\t\tdata-wp-style--right=\"state.imageButtonRight\"\n\t\t\tdata-wp-style--top=\"state.imageButtonTop\"\n\t\t>\n\t\t\t<svg xmlns=\"http:\/\/www.w3.org\/2000\/svg\" width=\"12\" height=\"12\" fill=\"none\" viewBox=\"0 0 12 12\">\n\t\t\t\t<path fill=\"#fff\" d=\"M2 0a2 2 0 0 0-2 2v2h1.5V2a.5.5 0 0 1 .5-.5h2V0H2Zm2 10.5H2a.5.5 0 0 1-.5-.5V8H0v2a2 2 0 0 0 2 2h2v-1.5ZM8 12v-1.5h2a.5.5 0 0 0 .5-.5V8H12v2a2 2 0 0 1-2 2H8Zm2-12a2 2 0 0 1 2 2v2h-1.5V2a.5.5 0 0 0-.5-.5H8V0h2Z\" \/>\n\t\t\t<\/svg>\n\t\t<\/button><\/figure>\n\n\n\n<figure class=\"wp-block-image size-large\"><img loading=\"lazy\" decoding=\"async\" width=\"285\" height=\"423\" data-id=\"258\" src=\"https:\/\/www.ekmaleri.se\/wp-content\/uploads\/2024\/05\/omkladningsrumbastun-1.jpg\" alt=\"\" class=\"wp-image-258\" srcset=\"https:\/\/www.ekmaleri.se\/wp-content\/uploads\/2024\/05\/omkladningsrumbastun-1.jpg 285w, https:\/\/www.ekmaleri.se\/wp-content\/uploads\/2024\/05\/omkladningsrumbastun-1-202x300.jpg 202w\" sizes=\"auto, (max-width: 285px) 100vw, 285px\" \/><\/figure>\n\n\n\n<figure class=\"wp-block-image size-large\"><img loading=\"lazy\" decoding=\"async\" width=\"768\" height=\"1024\" data-id=\"259\" src=\"https:\/\/www.ekmaleri.se\/wp-content\/uploads\/2024\/05\/mattilagron2-1-768x1024.jpg\" alt=\"\" class=\"wp-image-259\" srcset=\"https:\/\/www.ekmaleri.se\/wp-content\/uploads\/2024\/05\/mattilagron2-1-768x1024.jpg 768w, https:\/\/www.ekmaleri.se\/wp-content\/uploads\/2024\/05\/mattilagron2-1-225x300.jpg 225w, https:\/\/www.ekmaleri.se\/wp-content\/uploads\/2024\/05\/mattilagron2-1-1152x1536.jpg 1152w, https:\/\/www.ekmaleri.se\/wp-content\/uploads\/2024\/05\/mattilagron2-1-1536x2048.jpg 1536w, https:\/\/www.ekmaleri.se\/wp-content\/uploads\/2024\/05\/mattilagron2-1.jpg 1875w\" sizes=\"auto, (max-width: 768px) 100vw, 768px\" \/><\/figure>\n<\/figure>\n","protected":false},"excerpt":{"rendered":"<p>Linoljef\u00e4rg har anv\u00e4nts mycket flitigt genom historien f\u00f6r att m\u00e5la allt fr\u00e5n konstverk till husfasader. I samband med de tv\u00e5 v\u00e4rldskrigen minskade produktionen av linolja kraftigt. Som en f\u00f6ljd av brist p\u00e5 linolja kom de modernare f\u00e4rgerna, som \u00e4r petroleumbaserat. Linoljef\u00e4rgen anv\u00e4nds b\u00e5de inne och ute, fr\u00e4mst p\u00e5 hyvlade tr\u00e4ytor, men ocks\u00e5 p\u00e5 sten och [&hellip;]<\/p>\n","protected":false},"author":1,"featured_media":236,"parent":56,"menu_order":0,"comment_status":"closed","ping_status":"closed","template":"wp-custom-template-column-images","meta":{"footnotes":""},"class_list":["post-58","page","type-page","status-publish","has-post-thumbnail","hentry"],"_links":{"self":[{"href":"https:\/\/www.ekmaleri.se\/index.php?rest_route=\/wp\/v2\/pages\/58","targetHints":{"allow":["GET"]}}],"collection":[{"href":"https:\/\/www.ekmaleri.se\/index.php?rest_route=\/wp\/v2\/pages"}],"about":[{"href":"https:\/\/www.ekmaleri.se\/index.php?rest_route=\/wp\/v2\/types\/page"}],"author":[{"embeddable":true,"href":"https:\/\/www.ekmaleri.se\/index.php?rest_route=\/wp\/v2\/users\/1"}],"replies":[{"embeddable":true,"href":"https:\/\/www.ekmaleri.se\/index.php?rest_route=%2Fwp%2Fv2%2Fcomments&post=58"}],"version-history":[{"count":10,"href":"https:\/\/www.ekmaleri.se\/index.php?rest_route=\/wp\/v2\/pages\/58\/revisions"}],"predecessor-version":[{"id":289,"href":"https:\/\/www.ekmaleri.se\/index.php?rest_route=\/wp\/v2\/pages\/58\/revisions\/289"}],"up":[{"embeddable":true,"href":"https:\/\/www.ekmaleri.se\/index.php?rest_route=\/wp\/v2\/pages\/56"}],"wp:featuredmedia":[{"embeddable":true,"href":"https:\/\/www.ekmaleri.se\/index.php?rest_route=\/wp\/v2\/media\/236"}],"wp:attachment":[{"href":"https:\/\/www.ekmaleri.se\/index.php?rest_route=%2Fwp%2Fv2%2Fmedia&parent=58"}],"curies":[{"name":"wp","href":"https:\/\/api.w.org\/{rel}","templated":true}]}}