{"id":230,"date":"2024-05-16T06:45:49","date_gmt":"2024-05-16T06:45:49","guid":{"rendered":"https:\/\/www.ekmaleri.se\/?page_id=230"},"modified":"2024-05-18T08:18:30","modified_gmt":"2024-05-18T08:18:30","slug":"tjara","status":"publish","type":"page","link":"https:\/\/www.ekmaleri.se\/?page_id=230","title":{"rendered":"Tj\u00e4ra"},"content":{"rendered":"\n<p><br>Tj\u00e4ra \u00e4r ett mycket gammalt och traditionellt material och \u00e4r vanligtvis i nordiska\/skandinaviska regioner. Tj\u00e4ra, som ursprungligen utvinns fr\u00e5n tall eller gran, v\u00e4rms upp och m\u00e5las utomhus.<\/p>\n\n\n\n<p>Tj\u00e4ra p\u00e5 tr\u00e4fasad ger inte bara en skyddande yta mot v\u00e4der och vind, utan ger ocks\u00e5 en unik och naturlig estetik till byggnaden. Tj\u00e4ra ger en rustik och traditionell k\u00e4nsla som passar b\u00e5de moderna och \u00e4ldre byggnadsstilar.<\/p>\n\n\n\n<p>Traditionellt \u00e4r r\u00f6dtj\u00e4ra den vanligaste kul\u00f6ren, men genom att pigmentera tj\u00e4ran kan en m\u00e5nga olika kul\u00f6rer uppn\u00e5s, vilket ger utrymme f\u00f6r kreativitet och individualitet i f\u00e4rgs\u00e4ttning.<\/p>\n\n\n\n<p>Tj\u00e4ra doftar ljuvligt! Den placerar oss i ett sammanhang av historiska metoder f\u00f6r byggnation och hantverk, och doften p\u00e5minner oss om v\u00e5ra r\u00f6tter och kulturella arv.<\/p>\n\n\n\n<figure class=\"wp-block-gallery has-nested-images columns-default wp-block-gallery-1 is-layout-flex wp-block-gallery-is-layout-flex\">\n<figure class=\"wp-block-image size-large\"><a href=\"https:\/\/www.ekmaleri.se\/wp-content\/uploads\/2024\/05\/DSC_13302.jpg\"><img loading=\"lazy\" decoding=\"async\" width=\"576\" height=\"1024\" data-id=\"283\" src=\"https:\/\/www.ekmaleri.se\/wp-content\/uploads\/2024\/05\/DSC_13302-576x1024.jpg\" alt=\"\" class=\"wp-image-283\" srcset=\"https:\/\/www.ekmaleri.se\/wp-content\/uploads\/2024\/05\/DSC_13302-576x1024.jpg 576w, https:\/\/www.ekmaleri.se\/wp-content\/uploads\/2024\/05\/DSC_13302-169x300.jpg 169w, https:\/\/www.ekmaleri.se\/wp-content\/uploads\/2024\/05\/DSC_13302-768x1365.jpg 768w, https:\/\/www.ekmaleri.se\/wp-content\/uploads\/2024\/05\/DSC_13302-864x1536.jpg 864w, https:\/\/www.ekmaleri.se\/wp-content\/uploads\/2024\/05\/DSC_13302.jpg 1125w\" sizes=\"auto, (max-width: 576px) 100vw, 576px\" \/><\/a><\/figure>\n<\/figure>\n","protected":false},"excerpt":{"rendered":"<p>Tj\u00e4ra \u00e4r ett mycket gammalt och traditionellt material och \u00e4r vanligtvis i nordiska\/skandinaviska regioner. Tj\u00e4ra, som ursprungligen utvinns fr\u00e5n tall eller gran, v\u00e4rms upp och m\u00e5las utomhus. Tj\u00e4ra p\u00e5 tr\u00e4fasad ger inte bara en skyddande yta mot v\u00e4der och vind, utan ger ocks\u00e5 en unik och naturlig estetik till byggnaden. Tj\u00e4ra ger en rustik och [&hellip;]<\/p>\n","protected":false},"author":1,"featured_media":109,"parent":56,"menu_order":0,"comment_status":"closed","ping_status":"closed","template":"wp-custom-template-column-images","meta":{"footnotes":""},"class_list":["post-230","page","type-page","status-publish","has-post-thumbnail","hentry"],"_links":{"self":[{"href":"https:\/\/www.ekmaleri.se\/index.php?rest_route=\/wp\/v2\/pages\/230","targetHints":{"allow":["GET"]}}],"collection":[{"href":"https:\/\/www.ekmaleri.se\/index.php?rest_route=\/wp\/v2\/pages"}],"about":[{"href":"https:\/\/www.ekmaleri.se\/index.php?rest_route=\/wp\/v2\/types\/page"}],"author":[{"embeddable":true,"href":"https:\/\/www.ekmaleri.se\/index.php?rest_route=\/wp\/v2\/users\/1"}],"replies":[{"embeddable":true,"href":"https:\/\/www.ekmaleri.se\/index.php?rest_route=%2Fwp%2Fv2%2Fcomments&post=230"}],"version-history":[{"count":5,"href":"https:\/\/www.ekmaleri.se\/index.php?rest_route=\/wp\/v2\/pages\/230\/revisions"}],"predecessor-version":[{"id":291,"href":"https:\/\/www.ekmaleri.se\/index.php?rest_route=\/wp\/v2\/pages\/230\/revisions\/291"}],"up":[{"embeddable":true,"href":"https:\/\/www.ekmaleri.se\/index.php?rest_route=\/wp\/v2\/pages\/56"}],"wp:featuredmedia":[{"embeddable":true,"href":"https:\/\/www.ekmaleri.se\/index.php?rest_route=\/wp\/v2\/media\/109"}],"wp:attachment":[{"href":"https:\/\/www.ekmaleri.se\/index.php?rest_route=%2Fwp%2Fv2%2Fmedia&parent=230"}],"curies":[{"name":"wp","href":"https:\/\/api.w.org\/{rel}","templated":true}]}}