{"id":228,"date":"2024-05-16T06:45:04","date_gmt":"2024-05-16T06:45:04","guid":{"rendered":"https:\/\/www.ekmaleri.se\/?page_id=228"},"modified":"2024-05-18T06:56:07","modified_gmt":"2024-05-18T06:56:07","slug":"pappspanning","status":"publish","type":"page","link":"https:\/\/www.ekmaleri.se\/?page_id=228","title":{"rendered":"Pappsp\u00e4nning"},"content":{"rendered":"\n<p>Pappsp\u00e4nning p\u00e5 tak och v\u00e4ggar \u00e4r en v\u00e4l bepr\u00f6vad och p\u00e5litlig teknik. &nbsp;Denna teknik h\u00e4nger samman med utvecklingen av skogsindustrin.<\/p>\n\n\n\n<p>Genom att anv\u00e4nda denna traditionella metod skapas en h\u00e5llbar, j\u00e4mn och stabil yta p\u00e5 tak och v\u00e4ggar innan tapetsering eller m\u00e5lning.<\/p>\n\n\n\n<p>Det mest traditionella \u00e4r att m\u00e5la sitt pappsp\u00e4nda tak med limf\u00e4rg av krita och cellulosa, och den vitheten som limf\u00e4rg med krita \u00e5terger g\u00e5r inte att efterlikna med n\u00e5gon annan f\u00e4rg.<\/p>\n\n\n\n<p>I V\u00e4rmland finns m\u00e5nga pappsp\u00e4nda tak och de \u00e4r v\u00e4rda att bevaras!<\/p>\n\n\n\n<figure class=\"wp-block-gallery has-nested-images columns-2 wp-block-gallery-1 is-layout-flex wp-block-gallery-is-layout-flex\">\n<figure class=\"wp-block-image size-large\"><a href=\"https:\/\/www.ekmaleri.se\/wp-content\/uploads\/2024\/05\/IMG_20231102_1506245112.jpg\"><img loading=\"lazy\" decoding=\"async\" width=\"576\" height=\"1024\" data-id=\"270\" src=\"https:\/\/www.ekmaleri.se\/wp-content\/uploads\/2024\/05\/IMG_20231102_1506245112-576x1024.jpg\" alt=\"\" class=\"wp-image-270\" srcset=\"https:\/\/www.ekmaleri.se\/wp-content\/uploads\/2024\/05\/IMG_20231102_1506245112-576x1024.jpg 576w, https:\/\/www.ekmaleri.se\/wp-content\/uploads\/2024\/05\/IMG_20231102_1506245112-169x300.jpg 169w, https:\/\/www.ekmaleri.se\/wp-content\/uploads\/2024\/05\/IMG_20231102_1506245112-768x1366.jpg 768w, https:\/\/www.ekmaleri.se\/wp-content\/uploads\/2024\/05\/IMG_20231102_1506245112-864x1536.jpg 864w, https:\/\/www.ekmaleri.se\/wp-content\/uploads\/2024\/05\/IMG_20231102_1506245112-1152x2048.jpg 1152w, https:\/\/www.ekmaleri.se\/wp-content\/uploads\/2024\/05\/IMG_20231102_1506245112.jpg 1406w\" sizes=\"auto, (max-width: 576px) 100vw, 576px\" \/><\/a><\/figure>\n\n\n\n<figure class=\"wp-block-image size-large\"><a href=\"https:\/\/www.ekmaleri.se\/wp-content\/uploads\/2024\/05\/IMG_20240417_1613563312.jpg\"><img loading=\"lazy\" decoding=\"async\" width=\"576\" height=\"1024\" data-id=\"263\" src=\"https:\/\/www.ekmaleri.se\/wp-content\/uploads\/2024\/05\/IMG_20240417_1613563312-576x1024.jpg\" alt=\"\" class=\"wp-image-263\" srcset=\"https:\/\/www.ekmaleri.se\/wp-content\/uploads\/2024\/05\/IMG_20240417_1613563312-576x1024.jpg 576w, https:\/\/www.ekmaleri.se\/wp-content\/uploads\/2024\/05\/IMG_20240417_1613563312-169x300.jpg 169w, https:\/\/www.ekmaleri.se\/wp-content\/uploads\/2024\/05\/IMG_20240417_1613563312-768x1366.jpg 768w, https:\/\/www.ekmaleri.se\/wp-content\/uploads\/2024\/05\/IMG_20240417_1613563312-864x1536.jpg 864w, https:\/\/www.ekmaleri.se\/wp-content\/uploads\/2024\/05\/IMG_20240417_1613563312-1152x2048.jpg 1152w, https:\/\/www.ekmaleri.se\/wp-content\/uploads\/2024\/05\/IMG_20240417_1613563312.jpg 1406w\" sizes=\"auto, (max-width: 576px) 100vw, 576px\" \/><\/a><\/figure>\n\n\n\n<figure class=\"wp-block-image size-large\"><a href=\"https:\/\/www.ekmaleri.se\/wp-content\/uploads\/2024\/05\/IMG_20240412_164603897_PORTRAIT2.jpg\"><img loading=\"lazy\" decoding=\"async\" width=\"768\" height=\"1024\" data-id=\"269\" src=\"https:\/\/www.ekmaleri.se\/wp-content\/uploads\/2024\/05\/IMG_20240412_164603897_PORTRAIT2-768x1024.jpg\" alt=\"\" class=\"wp-image-269\" srcset=\"https:\/\/www.ekmaleri.se\/wp-content\/uploads\/2024\/05\/IMG_20240412_164603897_PORTRAIT2-768x1024.jpg 768w, https:\/\/www.ekmaleri.se\/wp-content\/uploads\/2024\/05\/IMG_20240412_164603897_PORTRAIT2-225x300.jpg 225w, https:\/\/www.ekmaleri.se\/wp-content\/uploads\/2024\/05\/IMG_20240412_164603897_PORTRAIT2-1152x1536.jpg 1152w, https:\/\/www.ekmaleri.se\/wp-content\/uploads\/2024\/05\/IMG_20240412_164603897_PORTRAIT2-1536x2048.jpg 1536w, https:\/\/www.ekmaleri.se\/wp-content\/uploads\/2024\/05\/IMG_20240412_164603897_PORTRAIT2.jpg 1875w\" sizes=\"auto, (max-width: 768px) 100vw, 768px\" \/><\/a><\/figure>\n\n\n\n<figure class=\"wp-block-image size-large\"><a href=\"https:\/\/www.ekmaleri.se\/wp-content\/uploads\/2024\/05\/IMG_20240412_164551862_PORTRAIT2.jpg\"><img loading=\"lazy\" decoding=\"async\" width=\"768\" height=\"1024\" data-id=\"261\" src=\"https:\/\/www.ekmaleri.se\/wp-content\/uploads\/2024\/05\/IMG_20240412_164551862_PORTRAIT2-768x1024.jpg\" alt=\"\" class=\"wp-image-261\" srcset=\"https:\/\/www.ekmaleri.se\/wp-content\/uploads\/2024\/05\/IMG_20240412_164551862_PORTRAIT2-768x1024.jpg 768w, https:\/\/www.ekmaleri.se\/wp-content\/uploads\/2024\/05\/IMG_20240412_164551862_PORTRAIT2-225x300.jpg 225w, https:\/\/www.ekmaleri.se\/wp-content\/uploads\/2024\/05\/IMG_20240412_164551862_PORTRAIT2-1152x1536.jpg 1152w, https:\/\/www.ekmaleri.se\/wp-content\/uploads\/2024\/05\/IMG_20240412_164551862_PORTRAIT2-1536x2048.jpg 1536w, https:\/\/www.ekmaleri.se\/wp-content\/uploads\/2024\/05\/IMG_20240412_164551862_PORTRAIT2.jpg 1875w\" sizes=\"auto, (max-width: 768px) 100vw, 768px\" \/><\/a><\/figure>\n<\/figure>\n","protected":false},"excerpt":{"rendered":"<p>Pappsp\u00e4nning p\u00e5 tak och v\u00e4ggar \u00e4r en v\u00e4l bepr\u00f6vad och p\u00e5litlig teknik. &nbsp;Denna teknik h\u00e4nger samman med utvecklingen av skogsindustrin. Genom att anv\u00e4nda denna traditionella metod skapas en h\u00e5llbar, j\u00e4mn och stabil yta p\u00e5 tak och v\u00e4ggar innan tapetsering eller m\u00e5lning. Det mest traditionella \u00e4r att m\u00e5la sitt pappsp\u00e4nda tak med limf\u00e4rg av krita och [&hellip;]<\/p>\n","protected":false},"author":1,"featured_media":114,"parent":56,"menu_order":0,"comment_status":"closed","ping_status":"closed","template":"wp-custom-template-column-images","meta":{"footnotes":""},"class_list":["post-228","page","type-page","status-publish","has-post-thumbnail","hentry"],"_links":{"self":[{"href":"https:\/\/www.ekmaleri.se\/index.php?rest_route=\/wp\/v2\/pages\/228","targetHints":{"allow":["GET"]}}],"collection":[{"href":"https:\/\/www.ekmaleri.se\/index.php?rest_route=\/wp\/v2\/pages"}],"about":[{"href":"https:\/\/www.ekmaleri.se\/index.php?rest_route=\/wp\/v2\/types\/page"}],"author":[{"embeddable":true,"href":"https:\/\/www.ekmaleri.se\/index.php?rest_route=\/wp\/v2\/users\/1"}],"replies":[{"embeddable":true,"href":"https:\/\/www.ekmaleri.se\/index.php?rest_route=%2Fwp%2Fv2%2Fcomments&post=228"}],"version-history":[{"count":8,"href":"https:\/\/www.ekmaleri.se\/index.php?rest_route=\/wp\/v2\/pages\/228\/revisions"}],"predecessor-version":[{"id":290,"href":"https:\/\/www.ekmaleri.se\/index.php?rest_route=\/wp\/v2\/pages\/228\/revisions\/290"}],"up":[{"embeddable":true,"href":"https:\/\/www.ekmaleri.se\/index.php?rest_route=\/wp\/v2\/pages\/56"}],"wp:featuredmedia":[{"embeddable":true,"href":"https:\/\/www.ekmaleri.se\/index.php?rest_route=\/wp\/v2\/media\/114"}],"wp:attachment":[{"href":"https:\/\/www.ekmaleri.se\/index.php?rest_route=%2Fwp%2Fv2%2Fmedia&parent=228"}],"curies":[{"name":"wp","href":"https:\/\/api.w.org\/{rel}","templated":true}]}}