{"id":226,"date":"2024-05-16T06:44:15","date_gmt":"2024-05-16T06:44:15","guid":{"rendered":"https:\/\/www.ekmaleri.se\/?page_id=226"},"modified":"2024-05-16T09:11:06","modified_gmt":"2024-05-16T09:11:06","slug":"forgyllning","status":"publish","type":"page","link":"https:\/\/www.ekmaleri.se\/?page_id=226","title":{"rendered":"F\u00f6rgyllning"},"content":{"rendered":"\n<p>Oljef\u00f6rgyllning \u00e4r en teknik som anv\u00e4nds f\u00f6r att applicera bladguld p\u00e5 olika ytor f\u00f6r att skapa en gl\u00e4nsande och dekorativ effekt. Guld \u00e4r en \u00e4del metall som inte korroderar, vilket g\u00f6r det idealiskt f\u00f6r anv\u00e4ndning utomhus. P\u00e5 till exempel gravstenar, flaggst\u00e5ngsknoppar och metallf\u00f6rem\u00e5l kan oljef\u00f6rgyllning anv\u00e4ndas f\u00f6r att ge en vacker och h\u00e5llbar glans som h\u00e5ller i m\u00e5nga \u00e5r.<\/p>\n\n\n\n<p>F\u00f6r att utf\u00f6ra oljef\u00f6rgyllning appliceras ett tunt lager olja p\u00e5 ytan f\u00f6r att f\u00f6rbereda den f\u00f6r guldbladet. Sedan placeras bladguldet varsamt \u00f6ver det oljade omr\u00e5det och pressas f\u00f6rsiktigt ner f\u00f6r att f\u00e5 det att f\u00e4sta. Slutligen poleras ytan f\u00f6r att avl\u00e4gsna \u00f6verfl\u00f6digt guld och ge en j\u00e4mn och gl\u00e4nsande finish.<\/p>\n\n\n\n<p>Oljef\u00f6rgyllning \u00e4r en tidl\u00f6s teknik och mycket h\u00e5llbar. Genom att anv\u00e4nda \u00e4kta guld skapas en unik effekt som inte kan j\u00e4mf\u00f6ras med andra material. Den \u00e4r ett utm\u00e4rkt val f\u00f6r att f\u00f6rsk\u00f6na och skydda utomhusmilj\u00f6er.<\/p>\n","protected":false},"excerpt":{"rendered":"<p>Oljef\u00f6rgyllning \u00e4r en teknik som anv\u00e4nds f\u00f6r att applicera bladguld p\u00e5 olika ytor f\u00f6r att skapa en gl\u00e4nsande och dekorativ effekt. Guld \u00e4r en \u00e4del metall som inte korroderar, vilket g\u00f6r det idealiskt f\u00f6r anv\u00e4ndning utomhus. P\u00e5 till exempel gravstenar, flaggst\u00e5ngsknoppar och metallf\u00f6rem\u00e5l kan oljef\u00f6rgyllning anv\u00e4ndas f\u00f6r att ge en vacker och h\u00e5llbar glans som [&hellip;]<\/p>\n","protected":false},"author":1,"featured_media":110,"parent":56,"menu_order":0,"comment_status":"closed","ping_status":"closed","template":"wp-custom-template-column-images","meta":{"footnotes":""},"class_list":["post-226","page","type-page","status-publish","has-post-thumbnail","hentry"],"_links":{"self":[{"href":"https:\/\/www.ekmaleri.se\/index.php?rest_route=\/wp\/v2\/pages\/226","targetHints":{"allow":["GET"]}}],"collection":[{"href":"https:\/\/www.ekmaleri.se\/index.php?rest_route=\/wp\/v2\/pages"}],"about":[{"href":"https:\/\/www.ekmaleri.se\/index.php?rest_route=\/wp\/v2\/types\/page"}],"author":[{"embeddable":true,"href":"https:\/\/www.ekmaleri.se\/index.php?rest_route=\/wp\/v2\/users\/1"}],"replies":[{"embeddable":true,"href":"https:\/\/www.ekmaleri.se\/index.php?rest_route=%2Fwp%2Fv2%2Fcomments&post=226"}],"version-history":[{"count":2,"href":"https:\/\/www.ekmaleri.se\/index.php?rest_route=\/wp\/v2\/pages\/226\/revisions"}],"predecessor-version":[{"id":239,"href":"https:\/\/www.ekmaleri.se\/index.php?rest_route=\/wp\/v2\/pages\/226\/revisions\/239"}],"up":[{"embeddable":true,"href":"https:\/\/www.ekmaleri.se\/index.php?rest_route=\/wp\/v2\/pages\/56"}],"wp:featuredmedia":[{"embeddable":true,"href":"https:\/\/www.ekmaleri.se\/index.php?rest_route=\/wp\/v2\/media\/110"}],"wp:attachment":[{"href":"https:\/\/www.ekmaleri.se\/index.php?rest_route=%2Fwp%2Fv2%2Fmedia&parent=226"}],"curies":[{"name":"wp","href":"https:\/\/api.w.org\/{rel}","templated":true}]}}